{"id":54,"date":"2011-11-14T18:35:08","date_gmt":"2011-11-14T18:35:08","guid":{"rendered":"http:\/\/66.147.244.56\/~caroljo8\/?page_id=54"},"modified":"2011-12-01T21:26:50","modified_gmt":"2011-12-01T21:26:50","slug":"invisible_mountain","status":"publish","type":"page","link":"https:\/\/www.carolinaderobertis.com\/es\/books\/invisible_mountain\/","title":{"rendered":"La Monta\u00f1a Invisible"},"content":{"rendered":"<div id=\"subnavp\">\n<ul>\n<li><a href=\"..\/~caroljo8\/es\/books\/invisible_mountain\/\">La Monta\u00f1a Invisible<\/a><\/li>\n<li><a href=\"..\/~caroljo8\/es\/books\/invisible_mountain\/reviews2\/\">Rese\u00f1as<\/a><\/li>\n<li><a href=\"..\/~caroljo8\/es\/books\/invisible_mountain\/excerpt2\/\">Pasaje<\/a><\/li>\n<li><a href=\"..\/~caroljo8\/es\/books\/invisible_mountain\/international-editions\/\">Ediciones Internacionales<\/a><\/li>\n<\/ul>\n<\/div>\n<p><a href=\"..\/~caroljo8\/books\/invisible_mountain\/\"><img loading=\"lazy\" decoding=\"async\" class=\"left\" title=\"InvisibleMountain\" src=\"http:\/\/66.147.244.56\/~caroljo8\/es\/wp-content\/uploads\/2011\/11\/InvisibleMountain.jpg\" alt=\"InvisibleMountain\" width=\"315\" height=\"438\" \/><\/a><\/p>\n<div id=\"col1\">\n<p><span class=\"script\">De<\/span> la deslumbrante Buenos Aires de Evita Per\u00f3n a las exuberantes colinas de R\u00edo de Janeiro, de una acogedora carnicer\u00eda a los salones de la embajada Estadounidense en Montevideo, los miembros de la indomable familia Firielli atraviesan una Sudam\u00e9rica cambiante y el terreno monta\u00f1oso de sus relaciones. A trav\u00e9s tres generaciones luchan por crearse una vida en su querida Uruguay, una patria que nutre sus almas a la vez que pone a prueba sus esp\u00edritus. La monta\u00f1a invisible es una incisiva celebraci\u00f3n del poder del amor familiar, de la voluntad de supervivencia en las m\u00e1s desesperantes circunstancias y, sobre todo, de la feroz y enriquecedora conexi\u00f3n entre madres e hijas.<\/p>\n<p>&nbsp;<\/p>\n<\/div>\n<div id=\"col2\"><img loading=\"lazy\" decoding=\"async\" src=\"http:\/\/66.147.244.56\/~caroljo8\/es\/wp-content\/uploads\/2011\/11\/decoration.gif\" alt=\"\" width=\"170\" height=\"30\" \/><br \/>\n<span class=\"published\">un bestseller internacional<\/span><br \/>\n<img decoding=\"async\" src=\"http:\/\/66.147.244.56\/~caroljo8\/es\/wp-content\/uploads\/2011\/11\/line.gif\" alt=\"\" width=\"150\" \/><br \/>\n<span class=\"published\">ganadora del Premio Rhegium Julii<\/span><\/p>\n<div id=\"buyi\">\n<h1>Comprar:<\/h1>\n<p><a href=\"http:\/\/www.barnesandnoble.com\/w\/la-monta-a-invisible-carolina-de-robertis\/1102658707?ean=9780307742469&#038;itm=2&#038;usri=carolina+de+robertis\" target=\"_blank\">Barnes &amp; Noble<\/a><br \/>\n<a href=\"http:\/\/www.amazon.com\/monta%C3%B1a-invisible-Vintage-Espanol-Spanish\/dp\/0307472353\/ref=sr_1_2?s=books&#038;ie=UTF8&#038;qid=1322694492&#038;sr=1-2\" target=\"_blank\">Amazon<\/a><br \/>\n<a href=\"http:\/\/www.indiebound.org\/book\/9780307472359\" target=\"_blank\">IndieBound<\/a><\/p>\n<\/div>\n<hr \/>\n<p>&nbsp;<\/p>\n<\/div>\n","protected":false},"excerpt":{"rendered":"<p>La Monta\u00f1a Invisible Rese\u00f1as Pasaje Ediciones Internacionales De la deslumbrante Buenos Aires de Evita Per\u00f3n a las exuberantes colinas de R\u00edo de Janeiro, de una acogedora carnicer\u00eda a los salones de la embajada Estadounidense en Montevideo, los miembros de la &hellip; <a href=\"https:\/\/www.carolinaderobertis.com\/es\/books\/invisible_mountain\/\">Continue reading <span class=\"meta-nav\">&rarr;<\/span><\/a><\/p>\n","protected":false},"author":1,"featured_media":0,"parent":13,"menu_order":0,"comment_status":"closed","ping_status":"open","template":"onecolumn-page.php","meta":{"footnotes":""},"class_list":["post-54","page","type-page","status-publish","hentry"],"_links":{"self":[{"href":"https:\/\/www.carolinaderobertis.com\/es\/wp-json\/wp\/v2\/pages\/54","targetHints":{"allow":["GET"]}}],"collection":[{"href":"https:\/\/www.carolinaderobertis.com\/es\/wp-json\/wp\/v2\/pages"}],"about":[{"href":"https:\/\/www.carolinaderobertis.com\/es\/wp-json\/wp\/v2\/types\/page"}],"author":[{"embeddable":true,"href":"https:\/\/www.carolinaderobertis.com\/es\/wp-json\/wp\/v2\/users\/1"}],"replies":[{"embeddable":true,"href":"https:\/\/www.carolinaderobertis.com\/es\/wp-json\/wp\/v2\/comments?post=54"}],"version-history":[{"count":4,"href":"https:\/\/www.carolinaderobertis.com\/es\/wp-json\/wp\/v2\/pages\/54\/revisions"}],"predecessor-version":[{"id":380,"href":"https:\/\/www.carolinaderobertis.com\/es\/wp-json\/wp\/v2\/pages\/54\/revisions\/380"}],"up":[{"embeddable":true,"href":"https:\/\/www.carolinaderobertis.com\/es\/wp-json\/wp\/v2\/pages\/13"}],"wp:attachment":[{"href":"https:\/\/www.carolinaderobertis.com\/es\/wp-json\/wp\/v2\/media?parent=54"}],"curies":[{"name":"wp","href":"https:\/\/api.w.org\/{rel}","templated":true}]}}