{"id":52,"date":"2011-11-11T20:26:03","date_gmt":"2011-11-11T20:26:03","guid":{"rendered":"http:\/\/66.147.244.56\/~caroljo8\/?page_id=52"},"modified":"2013-02-14T17:36:30","modified_gmt":"2013-02-14T17:36:30","slug":"perla","status":"publish","type":"page","link":"https:\/\/www.carolinaderobertis.com\/es\/books\/perla\/","title":{"rendered":"Perla"},"content":{"rendered":"<div id=\"subnavp\">\n<ul>\n<li><a href=\"..\/~caroljo8\/es\/books\/perla\/\">Perla<\/a><\/li>\n<li><a href=\"..\/~caroljo8\/es\/books\/perla\/reviews\/\">Rese\u00f1as<\/a><\/li>\n<li><a href=\"..\/~caroljo8\/es\/books\/perla\/excerpt\/\">Pasaje<\/a><\/li>\n<li><a href=\"..\/~caroljo8\/es\/books\/perla\/international-editions2\/\">Ediciones Internacionales<\/a><\/li>\n<\/ul>\n<\/div>\n<p><a href=\"..\/~caroljo8\/books\/perla\/\"><img loading=\"lazy\" decoding=\"async\" class=\"left\" title=\"Perla_cover_home\" src=\"http:\/\/66.147.244.56\/~caroljo8\/es\/wp-content\/uploads\/2011\/11\/Perla.jpg\" alt=\"\" width=\"315\" height=\"438\" \/><\/a><\/p>\n<div id=\"col1\"><span class=\"script\">P<\/span>erla Correa se cri\u00f3 como una privilegiada hija \u00fanica en Buenos Aires, con una madre refinada pero distante y un padre conservador, oficial de la Marina, cuya profesi\u00f3n ella tempranamente aprendi\u00f3 a no revelar en un pa\u00eds que todav\u00eda se recuperaba de los abusos perpetrados por la dictadura militar depuesta. Aunque Perla comprende que sus padres estaban en el lado equivocado del conflicto, su amor por su Pap\u00e1 es incondicional. Sin embargo, sobresaltada por un hu\u00e9sped inesperado, comienza un viaje que la forzar\u00e1 a enfrentar la desaz\u00f3n que ha suprimido durante mucho tiempo y a tomar una dolorosa decisi\u00f3n sobre qui\u00e9n es ella y en qui\u00e9n se convertir\u00e1.<\/p>\n<p>Este drama humano impactante se basa en la realidad de los 30.000 ciudadanos argentinos desaparecidos y los 500 ni\u00f1os que nacieron en centros de detenci\u00f3n clandestinos y fueron arrancados de sus madres y secretamente dados en adopci\u00f3n. En los a\u00f1os que siguieron a esta \u00e9poca oscura, algunos de los hijos han podido descubrir la identidad de sus verdaderas familias y contin\u00faan haci\u00e9ndolo hoy. Perla da vida a la historia real como s\u00f3lo la ficci\u00f3n puede hacerlo, en un \u00edntimo, inolvidable retrato de la explosiva b\u00fasqueda de una joven por la verdad. En su segunda novela, De Robertis despliega una historia cautivante y resonante hist\u00f3ricamente, con afinada compasi\u00f3n, prosa luminosa y una extraordinaria visi\u00f3n del incomparable poder del amor.<\/p><\/div>\n<div id=\"col2\"><img decoding=\"async\" src=\"http:\/\/66.147.244.56\/~caroljo8\/es\/wp-content\/uploads\/2011\/11\/decoration.gif\" alt=\"\" \/><br \/>\n<span class=\"published\">Actualmente, <em>Perla<\/em> est\u00e1 disponible en ingl\u00e9s, italiano, y noruego, con ediciones pendientes en holand\u00e9s, dan\u00e9s, hebreo, y griego.<\/span><\/p>\n<div id=\"buy\">\n<h1>Comprar:<\/h1>\n<p><a href=\"http:\/\/www.barnesandnoble.com\/w\/perla-carolina-de-robertis\/1104641051?ean=9780307947840&amp;itm=3&amp;usri=carolina+de+robertis\" target=\"_blank\">Barnes &amp; Noble<\/a><br \/>\n<a href=\"http:\/\/www.amazon.com\/Vintage-Espanol-Spanish-Carolina-Robertis\/dp\/030794784X\/ref=sr_1_2?s=books&amp;ie=UTF8&amp;qid=1322694269&amp;sr=1-2\" target=\"_blank\">Amazon<\/a><br \/>\n<a href=\"http:\/\/www.indiebound.org\/book\/9780307947840\" target=\"_blank\">IndieBound<\/a><\/p>\n<\/div>\n<hr \/>\n<p><span class=\"quote\">&#8220;De Robertis es una escritora extraordinariamente valiente.&#8221;<br \/>\n<\/span>\u2014Junot D\u00edaz<\/p>\n<\/div>\n","protected":false},"excerpt":{"rendered":"<p>Perla Rese\u00f1as Pasaje Ediciones Internacionales Perla Correa se cri\u00f3 como una privilegiada hija \u00fanica en Buenos Aires, con una madre refinada pero distante y un padre conservador, oficial de la Marina, cuya profesi\u00f3n ella tempranamente aprendi\u00f3 a no revelar en &hellip; <a href=\"https:\/\/www.carolinaderobertis.com\/es\/books\/perla\/\">Continue reading <span class=\"meta-nav\">&rarr;<\/span><\/a><\/p>\n","protected":false},"author":1,"featured_media":0,"parent":13,"menu_order":0,"comment_status":"closed","ping_status":"open","template":"onecolumn-page.php","meta":{"footnotes":""},"class_list":["post-52","page","type-page","status-publish","hentry"],"_links":{"self":[{"href":"https:\/\/www.carolinaderobertis.com\/es\/wp-json\/wp\/v2\/pages\/52","targetHints":{"allow":["GET"]}}],"collection":[{"href":"https:\/\/www.carolinaderobertis.com\/es\/wp-json\/wp\/v2\/pages"}],"about":[{"href":"https:\/\/www.carolinaderobertis.com\/es\/wp-json\/wp\/v2\/types\/page"}],"author":[{"embeddable":true,"href":"https:\/\/www.carolinaderobertis.com\/es\/wp-json\/wp\/v2\/users\/1"}],"replies":[{"embeddable":true,"href":"https:\/\/www.carolinaderobertis.com\/es\/wp-json\/wp\/v2\/comments?post=52"}],"version-history":[{"count":8,"href":"https:\/\/www.carolinaderobertis.com\/es\/wp-json\/wp\/v2\/pages\/52\/revisions"}],"predecessor-version":[{"id":454,"href":"https:\/\/www.carolinaderobertis.com\/es\/wp-json\/wp\/v2\/pages\/52\/revisions\/454"}],"up":[{"embeddable":true,"href":"https:\/\/www.carolinaderobertis.com\/es\/wp-json\/wp\/v2\/pages\/13"}],"wp:attachment":[{"href":"https:\/\/www.carolinaderobertis.com\/es\/wp-json\/wp\/v2\/media?parent=52"}],"curies":[{"name":"wp","href":"https:\/\/api.w.org\/{rel}","templated":true}]}}