{"id":264,"date":"2011-08-01T16:36:16","date_gmt":"2011-08-01T16:36:16","guid":{"rendered":"http:\/\/66.147.244.56\/~caroljo8\/?page_id=2"},"modified":"2014-10-30T21:58:21","modified_gmt":"2014-10-30T21:58:21","slug":"home","status":"publish","type":"page","link":"https:\/\/www.carolinaderobertis.com\/es\/","title":{"rendered":"Inicio"},"content":{"rendered":"<div id=\"floatleft\">\n<p><img decoding=\"async\" alt=\"\" src=\"http:\/\/66.147.244.56\/~caroljo8\/wp-content\/uploads\/2011\/11\/decoration.gif\" \/><\/p>\n<div align=\"center\"><span class=\"published\">&#8220;Cautivante&#8230;conmovedora, po\u00e9tica.&#8221;<br \/>\n<\/span><span class=\"publishedred\"> \u2014<em>O, The Oprah Magazine<\/em><\/span><\/div>\n<p><img decoding=\"async\" alt=\"\" src=\"http:\/\/66.147.244.56\/~caroljo8\/wp-content\/uploads\/2011\/11\/line.gif\" \/><span class=\"script\">C<\/span>on sus inconfundibles capacidades narrativas y personajes indeleblemente trazados, Carolina De Robertis ilumina un momento oscuro de la Latinoam\u00e9rica contempor\u00e1nea. Con \u00edntimo conocimiento de la regi\u00f3n, elabora una historia de perfecto tono emocional sobre una joven mujer que hace un horrendo \u2014 pero en definitiva liberador \u2014 descubrimiento sobre sus or\u00edgenes. <a href=\"http:\/\/www.carolinaderobertis.com\/es\/books\/perla\/\">(leer m\u00e1s)<\/a><\/p>\n<\/div>\n<div id=\"floatright\">\n<p><span class=\"quote\">&#8220;Inolvidable.&#8221; <\/span><br \/>\n<span class=\"news\">\u2014<em>The New Yorker <\/em><\/span><\/p>\n<div id=\"buy\">\n<h1>Comprar:<\/h1>\n<p><a href=\"http:\/\/www.barnesandnoble.com\/w\/perla-carolina-de-robertis\/1104641123?ean=9780307599599&amp;itm=4&amp;usri=carolina%252bde%252brobertis\" target=\"_blank\">Barnes &amp; Noble<\/a><br \/>\n<a href=\"http:\/\/www.amazon.com\/Perla-Carolina-Robertis\/dp\/0307599590\" target=\"_blank\">Amazon<\/a><br \/>\n<a href=\"http:\/\/www.indiebound.org\/book\/9780307599599\" target=\"_blank\">IndieBound<\/a><\/p>\n<\/div>\n<hr \/>\n<p><span class=\"quote\">&#8220;Audaz&#8230;impresionante.&#8221;<br \/>\n<span class=\"news\">\u2014<em>The San Francisco Chronicle<\/em><br \/>\n<\/span><\/span><\/p>\n<\/div>\n<p><a href=\"http:\/\/www.carolinaderobertis.com\/es\/books\/perla\/\"><img loading=\"lazy\" decoding=\"async\" class=\"size-full wp-image-37 alignnone\" title=\"Perla_cover_home\" alt=\"\" src=\"http:\/\/www.carolinaderobertis.com\/wp-content\/uploads\/2014\/10\/Perla_cover_home.jpg\" width=\"415\" height=\"548\" \/><\/a><\/p>\n","protected":false},"excerpt":{"rendered":"<p>&#8220;Cautivante&#8230;conmovedora, po\u00e9tica.&#8221; \u2014O, The Oprah Magazine Con sus inconfundibles capacidades narrativas y personajes indeleblemente trazados, Carolina De Robertis ilumina un momento oscuro de la Latinoam\u00e9rica contempor\u00e1nea. Con \u00edntimo conocimiento de la regi\u00f3n, elabora una historia de perfecto tono emocional sobre &hellip; <a href=\"https:\/\/www.carolinaderobertis.com\/es\/\">Continue reading <span class=\"meta-nav\">&rarr;<\/span><\/a><\/p>\n","protected":false},"author":1,"featured_media":0,"parent":0,"menu_order":0,"comment_status":"closed","ping_status":"open","template":"onecolumn-page.php","meta":{"footnotes":""},"class_list":["post-264","page","type-page","status-publish","hentry"],"_links":{"self":[{"href":"https:\/\/www.carolinaderobertis.com\/es\/wp-json\/wp\/v2\/pages\/264","targetHints":{"allow":["GET"]}}],"collection":[{"href":"https:\/\/www.carolinaderobertis.com\/es\/wp-json\/wp\/v2\/pages"}],"about":[{"href":"https:\/\/www.carolinaderobertis.com\/es\/wp-json\/wp\/v2\/types\/page"}],"author":[{"embeddable":true,"href":"https:\/\/www.carolinaderobertis.com\/es\/wp-json\/wp\/v2\/users\/1"}],"replies":[{"embeddable":true,"href":"https:\/\/www.carolinaderobertis.com\/es\/wp-json\/wp\/v2\/comments?post=264"}],"version-history":[{"count":20,"href":"https:\/\/www.carolinaderobertis.com\/es\/wp-json\/wp\/v2\/pages\/264\/revisions"}],"predecessor-version":[{"id":471,"href":"https:\/\/www.carolinaderobertis.com\/es\/wp-json\/wp\/v2\/pages\/264\/revisions\/471"}],"wp:attachment":[{"href":"https:\/\/www.carolinaderobertis.com\/es\/wp-json\/wp\/v2\/media?parent=264"}],"curies":[{"name":"wp","href":"https:\/\/api.w.org\/{rel}","templated":true}]}}