{"id":22,"date":"2011-11-04T15:38:21","date_gmt":"2011-11-04T15:38:21","guid":{"rendered":"http:\/\/66.147.244.56\/~caroljo8\/?page_id=22"},"modified":"2014-05-02T17:19:15","modified_gmt":"2014-05-02T17:19:15","slug":"events","status":"publish","type":"page","link":"https:\/\/www.carolinaderobertis.com\/es\/events\/","title":{"rendered":"Eventos"},"content":{"rendered":"<p><strong>Festival Bellas Francesas<\/strong><br \/>\nMontevideo, Uruguay<br \/>\n28 abril, 2014<br \/>\n\u201cLa Cr\u00f3nica Roja y la Literatura\u201d<br \/>\ncon Laurent Mauvignier, Eric Faye, Juan Sebasti\u00e1n Peralta,<br \/>\ny Carlos Liscano<br \/>\nBiblioteca Nacional<br \/>\n18:30 horas<\/p>\n<p><strong>Festival Literario Metropolis Azul<\/strong><br \/>\nMontreal, Canada<br \/>\n1-4 mayo, 2014<\/p>\n<p>\u201cWomen\u2019s Stories as History\u201d<br \/>\nentrevista con Shelley Pomerance<br \/>\n2 mayo, 19 horas<\/p>\n<p>Espresso Break (lectura y firma de libros)<br \/>\n2 mayo, 16 horas<\/p>\n<p>\u201cLa Ausencia: Personajes Desaparecidos\u201d<br \/>\ncon Carlos Labb\u00e9 y Iosi Havilio<br \/>\n(en espa\u00f1ol)<br \/>\n3 mayo, 14 horas<\/p>\n<p>Master Class with Carolina De Robertis:<br \/>\n\u201cThe Ecstasy of Influence: How Literature\u00a0Can Spark<br \/>\nYour Own Creative Voice\u201d<br \/>\n3-4 mayo<\/p>\n<p>Para m\u00e1s informaci\u00f3n sobre estos eventos y su ubicaci\u00f3n,<br \/>\npor favor oprime <a href=\"www.bluemetropolis.org\">aqu\u00ed<\/a>.<\/p>\n<hr \/>\n<p>&nbsp;<\/p>\n<hr \/>\n<p>&nbsp;<\/p>\n<hr \/>\n<hr \/>\n","protected":false},"excerpt":{"rendered":"<p>Festival Bellas Francesas Montevideo, Uruguay 28 abril, 2014 \u201cLa Cr\u00f3nica Roja y la Literatura\u201d con Laurent Mauvignier, Eric Faye, Juan Sebasti\u00e1n Peralta, y Carlos Liscano Biblioteca Nacional 18:30 horas Festival Literario Metropolis Azul Montreal, Canada 1-4 mayo, 2014 \u201cWomen\u2019s Stories &hellip; <a href=\"https:\/\/www.carolinaderobertis.com\/es\/events\/\">Continue reading <span class=\"meta-nav\">&rarr;<\/span><\/a><\/p>\n","protected":false},"author":1,"featured_media":0,"parent":0,"menu_order":0,"comment_status":"closed","ping_status":"open","template":"","meta":{"footnotes":""},"class_list":["post-22","page","type-page","status-publish","hentry"],"_links":{"self":[{"href":"https:\/\/www.carolinaderobertis.com\/es\/wp-json\/wp\/v2\/pages\/22","targetHints":{"allow":["GET"]}}],"collection":[{"href":"https:\/\/www.carolinaderobertis.com\/es\/wp-json\/wp\/v2\/pages"}],"about":[{"href":"https:\/\/www.carolinaderobertis.com\/es\/wp-json\/wp\/v2\/types\/page"}],"author":[{"embeddable":true,"href":"https:\/\/www.carolinaderobertis.com\/es\/wp-json\/wp\/v2\/users\/1"}],"replies":[{"embeddable":true,"href":"https:\/\/www.carolinaderobertis.com\/es\/wp-json\/wp\/v2\/comments?post=22"}],"version-history":[{"count":10,"href":"https:\/\/www.carolinaderobertis.com\/es\/wp-json\/wp\/v2\/pages\/22\/revisions"}],"predecessor-version":[{"id":466,"href":"https:\/\/www.carolinaderobertis.com\/es\/wp-json\/wp\/v2\/pages\/22\/revisions\/466"}],"wp:attachment":[{"href":"https:\/\/www.carolinaderobertis.com\/es\/wp-json\/wp\/v2\/media?parent=22"}],"curies":[{"name":"wp","href":"https:\/\/api.w.org\/{rel}","templated":true}]}}