{"id":18,"date":"2011-11-04T15:38:04","date_gmt":"2011-11-04T15:38:04","guid":{"rendered":"http:\/\/66.147.244.56\/~caroljo8\/?page_id=18"},"modified":"2012-08-11T22:07:00","modified_gmt":"2012-08-11T22:07:00","slug":"reviews","status":"publish","type":"page","link":"https:\/\/www.carolinaderobertis.com\/es\/books\/perla\/reviews\/","title":{"rendered":"Perla ~ Rese\u00f1as"},"content":{"rendered":"<div id=\"col2\"><img decoding=\"async\" src=\"http:\/\/66.147.244.56\/~caroljo8\/es\/wp-content\/uploads\/2011\/11\/decoration.gif\" alt=\"\" \/><br \/>\n<span class=\"published\">Ganadora de una beca 2012 del Fondo Nacional Para las Artes<\/span><\/p>\n<div id=\"buy\">\n<h1>P\u00eddalo en:<\/h1>\n<p><a href=\"http:\/\/www.barnesandnoble.com\/w\/perla-carolina-de-robertis\/1104641123?ean=9780307599599&amp;itm=4&amp;usri=carolina%252bde%252brobertis\" target=\"_blank\">Barnes &amp; Noble<\/a><br \/>\n<a href=\"http:\/\/www.amazon.com\/Perla-Carolina-Robertis\/dp\/0307599590\" target=\"_blank\">Amazon<\/a><br \/>\n<a href=\"http:\/\/www.indiebound.org\/book\/9780307599599\" target=\"_blank\">IndieBound<\/a><\/p>\n<\/div>\n<\/div>\n<div id=\"subnavp\">\n<ul>\n<li><a href=\"..\/~caroljo8\/es\/books\/perla\/\">Perla<\/a><\/li>\n<li><a href=\"..\/~caroljo8\/es\/books\/perla\/reviews\/\">Rese\u00f1as<\/a><\/li>\n<li><a href=\"..\/~caroljo8\/es\/books\/perla\/excerpt\/\">Pasaje<\/a><\/li>\n<li><a href=\"..\/~caroljo8\/es\/books\/perla\/international-editions2\/\">Ediciones Internacionales<\/a><\/li>\n<\/ul>\n<\/div>\n<p><a href=\"..\/~caroljo8\/books\/perla\/\"><img loading=\"lazy\" decoding=\"async\" class=\"left\" title=\"Perla_cover_home\" src=\"http:\/\/66.147.244.56\/~caroljo8\/es\/wp-content\/uploads\/2011\/11\/Perla.jpg\" alt=\"\" width=\"315\" height=\"438\" \/><\/a><\/p>\n<div id=\"col1\">&#8220;Cautivante&#8230;una novela conmovedora, po\u00e9tica, sobre el costo de la revoluci\u00f3n y del proceso evolutivo que es la identidad.&#8221;<br \/>\n\u2014<em>O, The Oprah Magazine<\/em> <\/p>\n<p>&#8220;Inolvidable&#8230;una sensible exploraci\u00f3n del amor, la lealtad, y la esperanza tras la atrocidad.&#8221;<br \/>\n\u2014<em>The New Yorker<\/em><\/p>\n<p>&#8220;Una prosa fascinantemente r\u00edtmica y vibrante&#8230;la voz de De Robertis es inconfundible y su novela v\u00edvida y memorable.&#8221;<br \/>\n\u2014<em>The Wall Street Journal<br \/>\n<\/em><br \/>\n&#8220;Una novela tenebrosa, exuberante, sobre el renacimiento de una joven (y de Argentina)&#8230;que de principio a fin hipnotiza con po\u00e9tica y demoledora belleza.&#8221;<br \/>\n\u2014<em>Minneapolis Star Tribune<\/em><\/p>\n<p>&#8220;Audaz&#8230;impresionante&#8230;en una ingeniosa mezcla de belleza y horror, De Robertis ha hecho nuevamente visibles a los desaparecidos. Les ha rendido (y nos ha rendido) un gran servicio.&#8221;<br \/>\n\u2014<em>The San Francisco Chronicle<br \/>\n<\/em><br \/>\n&#8220;Esta ambiciosa narrativa&#8230;tiene poder de propulsi\u00f3n y sujeta emocionalmente&#8230;culminando en una desgarradora catarsis de renacer y sanar.&#8221;<br \/>\n\u2014<em>Publishers Weekly <\/em>(rese\u00f1a destacada) <\/p>\n<p> &#8220;De Robertis entreteje h\u00e1bilmente alrededor de sus personajes una voz l\u00edrica que trata a v\u00edctimas, perpetradores y espectadores con el mismo cuidado y honestidad. El resultado es poderosamente humanizador&#8230;altamente recomendada para todos los entusiastas de la ficci\u00f3n.&#8221; <br \/>\u2014<em>Library Journal <\/em>(rese\u00f1a destacada)<\/p>\n<p>&#8220;Combinando l\u00edricamente en la realidad tanto lo fant\u00e1stico como lo horrendo, De Robertis entreteje un hermoso cuento sobre el nacer, el renacer y la responsabilidad de la herencia de una compleja y sorprendente historia.&#8221;<br \/>\n\u2014<em>Booklist<\/em><\/p>\n<p>&#8220;[<em>Perla<\/em>] es el descendiente literario del <em>Beloved <\/em>de Toni Morrison, pero muy claramente con su propia expresi\u00f3n lacerantemente original y evocadoramente l\u00edrica.&#8221;<br \/>\n\u2014<em>East Bay Express<\/em><\/p>\n<p>&#8220;Elegantemente escrita y conmovedora&#8230;De Robertis est\u00e1 claramente compenetrada con las secuelas de la dictadura en la Argentina contempor\u00e1nea.&#8221;<br \/>\n\u2014<em>Kirkus Reviews<\/em><\/p>\n<p>&#8220;Carolina De Robertis es una nueva voz para Latinoam\u00e9rica, que sigue los pasos de Isabel Allende y, me atrevo a decir, de Gabriel Garc\u00eda M\u00e1rquez, entre otros.&#8221;<br \/>\n\u2014<em>The Washington Independent Review of Books<\/em><\/p>\n<p>&#8220;Fascinante.&#8221;<br \/>\n\u2014<em>New York Daily News<\/em><\/p>\n<\/div>\n","protected":false},"excerpt":{"rendered":"<p>Ganadora de una beca 2012 del Fondo Nacional Para las Artes P\u00eddalo en: Barnes &amp; Noble Amazon IndieBound Perla Rese\u00f1as Pasaje Ediciones Internacionales &#8220;Cautivante&#8230;una novela conmovedora, po\u00e9tica, sobre el costo de la revoluci\u00f3n y del proceso evolutivo que es la &hellip; <a href=\"https:\/\/www.carolinaderobertis.com\/es\/books\/perla\/reviews\/\">Continue reading <span class=\"meta-nav\">&rarr;<\/span><\/a><\/p>\n","protected":false},"author":1,"featured_media":0,"parent":52,"menu_order":0,"comment_status":"closed","ping_status":"open","template":"onecolumn-page.php","meta":{"footnotes":""},"class_list":["post-18","page","type-page","status-publish","hentry"],"_links":{"self":[{"href":"https:\/\/www.carolinaderobertis.com\/es\/wp-json\/wp\/v2\/pages\/18","targetHints":{"allow":["GET"]}}],"collection":[{"href":"https:\/\/www.carolinaderobertis.com\/es\/wp-json\/wp\/v2\/pages"}],"about":[{"href":"https:\/\/www.carolinaderobertis.com\/es\/wp-json\/wp\/v2\/types\/page"}],"author":[{"embeddable":true,"href":"https:\/\/www.carolinaderobertis.com\/es\/wp-json\/wp\/v2\/users\/1"}],"replies":[{"embeddable":true,"href":"https:\/\/www.carolinaderobertis.com\/es\/wp-json\/wp\/v2\/comments?post=18"}],"version-history":[{"count":30,"href":"https:\/\/www.carolinaderobertis.com\/es\/wp-json\/wp\/v2\/pages\/18\/revisions"}],"predecessor-version":[{"id":327,"href":"https:\/\/www.carolinaderobertis.com\/es\/wp-json\/wp\/v2\/pages\/18\/revisions\/327"}],"up":[{"embeddable":true,"href":"https:\/\/www.carolinaderobertis.com\/es\/wp-json\/wp\/v2\/pages\/52"}],"wp:attachment":[{"href":"https:\/\/www.carolinaderobertis.com\/es\/wp-json\/wp\/v2\/media?parent=18"}],"curies":[{"name":"wp","href":"https:\/\/api.w.org\/{rel}","templated":true}]}}