{"id":15,"date":"2011-11-04T15:37:19","date_gmt":"2011-11-04T15:37:19","guid":{"rendered":"http:\/\/66.147.244.56\/~caroljo8\/?page_id=15"},"modified":"2014-05-02T17:26:42","modified_gmt":"2014-05-02T17:26:42","slug":"bio","status":"publish","type":"page","link":"https:\/\/www.carolinaderobertis.com\/es\/bio\/","title":{"rendered":"Bio"},"content":{"rendered":"<p><img decoding=\"async\" class=\"border\" title=\"Carolina De Robertis\" alt=\"\" src=\"http:\/\/www.carolinaderobertis.com\/wp-content\/uploads\/2011\/12\/carolina-headshot-400px.jpg\" \/><\/p>\n<p>Carolina De Robertis, escritora uruguaya-estadounidense, es la autora de las novelas <em>Perla<\/em> y \u00a0<em>La Monta\u00f1a Invisible, <\/em>que fue un bestseller internacional. Sus obras han sido traducidas a diecisiete idiomas.\u00a0Ella ha recibido el Premio Rhegium Julii en Italia y un premio del National Endowment for the Arts. Sus obras de ficci\u00f3n, no ficci\u00f3n y sus traducciones han aparecido en\u00a0<em>ColorLines<\/em>,\u00a0<em>The Virginia Quarterly Review<\/em>, y\u00a0<em>Zoetrope: Allstory<\/em>, entre otras. Tambi\u00e9n es la traductora al ingl\u00e9s de las novelas <em>Bons\u00e1i<\/em>, de Alejandro Zambra, y <em>El Caso Neruda<\/em>, de Roberto Ampuero.<\/p>\n<p>Antes de terminar su primer libro, De Robertis se dedic\u00f3 por diez a\u00f1os a los derechos de la mujer, en temas como la violaci\u00f3n sexual y la inmigraci\u00f3n. Actualmente ella vive en Oakland, California, donde est\u00e1 co-produciendo un\u00a0<a href=\"http:\/\/www.irisfilms.org\/films\/afro-uruguay\/afro-uruguay-spanish\/\">documental\u00a0sobre la gente afrouruguaya<\/a>. Su tercera novela, <em>Los Dioses del Tango<\/em>, ser\u00e1 publicada en 2015.<\/p>\n","protected":false},"excerpt":{"rendered":"<p>Carolina De Robertis, escritora uruguaya-estadounidense, es la autora de las novelas Perla y \u00a0La Monta\u00f1a Invisible, que fue un bestseller internacional. Sus obras han sido traducidas a diecisiete idiomas.\u00a0Ella ha recibido el Premio Rhegium Julii en Italia y un premio &hellip; <a href=\"https:\/\/www.carolinaderobertis.com\/es\/bio\/\">Continue reading <span class=\"meta-nav\">&rarr;<\/span><\/a><\/p>\n","protected":false},"author":1,"featured_media":0,"parent":0,"menu_order":0,"comment_status":"closed","ping_status":"open","template":"","meta":{"footnotes":""},"class_list":["post-15","page","type-page","status-publish","hentry"],"_links":{"self":[{"href":"https:\/\/www.carolinaderobertis.com\/es\/wp-json\/wp\/v2\/pages\/15","targetHints":{"allow":["GET"]}}],"collection":[{"href":"https:\/\/www.carolinaderobertis.com\/es\/wp-json\/wp\/v2\/pages"}],"about":[{"href":"https:\/\/www.carolinaderobertis.com\/es\/wp-json\/wp\/v2\/types\/page"}],"author":[{"embeddable":true,"href":"https:\/\/www.carolinaderobertis.com\/es\/wp-json\/wp\/v2\/users\/1"}],"replies":[{"embeddable":true,"href":"https:\/\/www.carolinaderobertis.com\/es\/wp-json\/wp\/v2\/comments?post=15"}],"version-history":[{"count":8,"href":"https:\/\/www.carolinaderobertis.com\/es\/wp-json\/wp\/v2\/pages\/15\/revisions"}],"predecessor-version":[{"id":467,"href":"https:\/\/www.carolinaderobertis.com\/es\/wp-json\/wp\/v2\/pages\/15\/revisions\/467"}],"wp:attachment":[{"href":"https:\/\/www.carolinaderobertis.com\/es\/wp-json\/wp\/v2\/media?parent=15"}],"curies":[{"name":"wp","href":"https:\/\/api.w.org\/{rel}","templated":true}]}}